{"id":13517,"date":"2024-01-03T06:11:07","date_gmt":"2024-01-03T06:11:07","guid":{"rendered":"https:\/\/jetflo.com\/home-v2\/"},"modified":"2025-02-14T10:45:09","modified_gmt":"2025-02-14T10:45:09","slug":"home-2","status":"publish","type":"page","link":"https:\/\/jetflo.com\/fr\/","title":{"rendered":"Page d&rsquo;acceuil"},"content":{"rendered":"","protected":false},"excerpt":{"rendered":"","protected":false},"author":8,"featured_media":0,"parent":0,"menu_order":0,"comment_status":"closed","ping_status":"closed","template":"templates\/template-home-v2.php","meta":{"_acf_changed":false,"footnotes":""},"class_list":["post-13517","page","type-page","status-publish","hentry"],"acf":[],"yoast_head":"<!-- This site is optimized with the Yoast SEO plugin v26.3 - https:\/\/yoast.com\/wordpress\/plugins\/seo\/ -->\n<title>JetFlo | Votre fournisseur ultime pour vos besoins en aviation d&#039;affaires<\/title>\n<meta name=\"description\" content=\"&quot;Profitez du monde du luxe avec les charters de jets priv\u00e9s JetFlo. Nous offrons des services de location de jets personnalis\u00e9s, un confort in\u00e9gal\u00e9 et une commodit\u00e9 pour vos besoins de voyage. R\u00e9servez votre jet priv\u00e9 d\u00e8s aujourd&#039;hui !&quot;\" \/>\n<meta name=\"robots\" content=\"index, follow, max-snippet:-1, max-image-preview:large, max-video-preview:-1\" \/>\n<link rel=\"canonical\" href=\"https:\/\/jetflo.com\/fr\/\" \/>\n<meta property=\"og:locale\" content=\"fr_FR\" \/>\n<meta property=\"og:type\" content=\"article\" \/>\n<meta property=\"og:title\" content=\"JetFlo | Votre fournisseur ultime pour vos besoins en aviation d&#039;affaires\" \/>\n<meta property=\"og:description\" content=\"&quot;Profitez du monde du luxe avec les charters de jets priv\u00e9s JetFlo. Nous offrons des services de location de jets personnalis\u00e9s, un confort in\u00e9gal\u00e9 et une commodit\u00e9 pour vos besoins de voyage. R\u00e9servez votre jet priv\u00e9 d\u00e8s aujourd&#039;hui !&quot;\" \/>\n<meta property=\"og:url\" content=\"https:\/\/jetflo.com\/fr\/\" \/>\n<meta property=\"og:site_name\" content=\"JetFlo\" \/>\n<meta property=\"article:modified_time\" content=\"2025-02-14T10:45:09+00:00\" \/>\n<meta name=\"twitter:card\" content=\"summary_large_image\" \/>\n<meta name=\"twitter:label1\" content=\"Dur\u00e9e de lecture estim\u00e9e\" \/>\n\t<meta name=\"twitter:data1\" content=\"7 minutes\" \/>\n<script type=\"application\/ld+json\" class=\"yoast-schema-graph\">{\"@context\":\"https:\/\/schema.org\",\"@graph\":[{\"@type\":\"WebPage\",\"@id\":\"https:\/\/jetflo.com\/fr\/\",\"url\":\"https:\/\/jetflo.com\/fr\/\",\"name\":\"JetFlo | Votre fournisseur ultime pour vos besoins en aviation d'affaires\",\"isPartOf\":{\"@id\":\"https:\/\/jetflo.com\/fr\/#website\"},\"datePublished\":\"2024-01-03T06:11:07+00:00\",\"dateModified\":\"2025-02-14T10:45:09+00:00\",\"description\":\"\\\"Profitez du monde du luxe avec les charters de jets priv\u00e9s JetFlo. Nous offrons des services de location de jets personnalis\u00e9s, un confort in\u00e9gal\u00e9 et une commodit\u00e9 pour vos besoins de voyage. R\u00e9servez votre jet priv\u00e9 d\u00e8s aujourd'hui !\\\"\",\"breadcrumb\":{\"@id\":\"https:\/\/jetflo.com\/fr\/#breadcrumb\"},\"inLanguage\":\"fr-FR\",\"potentialAction\":[{\"@type\":\"ReadAction\",\"target\":[\"https:\/\/jetflo.com\/fr\/\"]}]},{\"@type\":\"BreadcrumbList\",\"@id\":\"https:\/\/jetflo.com\/fr\/#breadcrumb\",\"itemListElement\":[{\"@type\":\"ListItem\",\"position\":1,\"name\":\"Home\",\"item\":\"https:\/\/jetflo.com\/fr\/\"},{\"@type\":\"ListItem\",\"position\":2,\"name\":\"Page d&#8217;acceuil\"}]},{\"@type\":\"WebSite\",\"@id\":\"https:\/\/jetflo.com\/fr\/#website\",\"url\":\"https:\/\/jetflo.com\/fr\/\",\"name\":\"JetFlo\",\"description\":\"Your Private Jet Charter\",\"publisher\":{\"@id\":\"https:\/\/jetflo.com\/fr\/#organization\"},\"alternateName\":\"JetFlo Private Jet Charter\",\"potentialAction\":[{\"@type\":\"SearchAction\",\"target\":{\"@type\":\"EntryPoint\",\"urlTemplate\":\"https:\/\/jetflo.com\/fr\/?s={search_term_string}\"},\"query-input\":{\"@type\":\"PropertyValueSpecification\",\"valueRequired\":true,\"valueName\":\"search_term_string\"}}],\"inLanguage\":\"fr-FR\"},{\"@type\":\"Organization\",\"@id\":\"https:\/\/jetflo.com\/fr\/#organization\",\"name\":\"JetFlo\",\"url\":\"https:\/\/jetflo.com\/fr\/\",\"logo\":{\"@type\":\"ImageObject\",\"inLanguage\":\"fr-FR\",\"@id\":\"https:\/\/jetflo.com\/fr\/#\/schema\/logo\/image\/\",\"url\":\"https:\/\/jetflo.com\/wp-content\/uploads\/2022\/09\/JetFlo-Logo.svg\",\"contentUrl\":\"https:\/\/jetflo.com\/wp-content\/uploads\/2022\/09\/JetFlo-Logo.svg\",\"caption\":\"JetFlo\"},\"image\":{\"@id\":\"https:\/\/jetflo.com\/fr\/#\/schema\/logo\/image\/\"}}]}<\/script>\n<!-- \/ Yoast SEO plugin. -->","yoast_head_json":{"title":"JetFlo | Votre fournisseur ultime pour vos besoins en aviation d'affaires","description":"\"Profitez du monde du luxe avec les charters de jets priv\u00e9s JetFlo. Nous offrons des services de location de jets personnalis\u00e9s, un confort in\u00e9gal\u00e9 et une commodit\u00e9 pour vos besoins de voyage. R\u00e9servez votre jet priv\u00e9 d\u00e8s aujourd'hui !\"","robots":{"index":"index","follow":"follow","max-snippet":"max-snippet:-1","max-image-preview":"max-image-preview:large","max-video-preview":"max-video-preview:-1"},"canonical":"https:\/\/jetflo.com\/fr\/","og_locale":"fr_FR","og_type":"article","og_title":"JetFlo | Votre fournisseur ultime pour vos besoins en aviation d'affaires","og_description":"\"Profitez du monde du luxe avec les charters de jets priv\u00e9s JetFlo. Nous offrons des services de location de jets personnalis\u00e9s, un confort in\u00e9gal\u00e9 et une commodit\u00e9 pour vos besoins de voyage. R\u00e9servez votre jet priv\u00e9 d\u00e8s aujourd'hui !\"","og_url":"https:\/\/jetflo.com\/fr\/","og_site_name":"JetFlo","article_modified_time":"2025-02-14T10:45:09+00:00","twitter_card":"summary_large_image","twitter_misc":{"Dur\u00e9e de lecture estim\u00e9e":"7 minutes"},"schema":{"@context":"https:\/\/schema.org","@graph":[{"@type":"WebPage","@id":"https:\/\/jetflo.com\/fr\/","url":"https:\/\/jetflo.com\/fr\/","name":"JetFlo | Votre fournisseur ultime pour vos besoins en aviation d'affaires","isPartOf":{"@id":"https:\/\/jetflo.com\/fr\/#website"},"datePublished":"2024-01-03T06:11:07+00:00","dateModified":"2025-02-14T10:45:09+00:00","description":"\"Profitez du monde du luxe avec les charters de jets priv\u00e9s JetFlo. Nous offrons des services de location de jets personnalis\u00e9s, un confort in\u00e9gal\u00e9 et une commodit\u00e9 pour vos besoins de voyage. R\u00e9servez votre jet priv\u00e9 d\u00e8s aujourd'hui !\"","breadcrumb":{"@id":"https:\/\/jetflo.com\/fr\/#breadcrumb"},"inLanguage":"fr-FR","potentialAction":[{"@type":"ReadAction","target":["https:\/\/jetflo.com\/fr\/"]}]},{"@type":"BreadcrumbList","@id":"https:\/\/jetflo.com\/fr\/#breadcrumb","itemListElement":[{"@type":"ListItem","position":1,"name":"Home","item":"https:\/\/jetflo.com\/fr\/"},{"@type":"ListItem","position":2,"name":"Page d&#8217;acceuil"}]},{"@type":"WebSite","@id":"https:\/\/jetflo.com\/fr\/#website","url":"https:\/\/jetflo.com\/fr\/","name":"JetFlo","description":"Your Private Jet Charter","publisher":{"@id":"https:\/\/jetflo.com\/fr\/#organization"},"alternateName":"JetFlo Private Jet Charter","potentialAction":[{"@type":"SearchAction","target":{"@type":"EntryPoint","urlTemplate":"https:\/\/jetflo.com\/fr\/?s={search_term_string}"},"query-input":{"@type":"PropertyValueSpecification","valueRequired":true,"valueName":"search_term_string"}}],"inLanguage":"fr-FR"},{"@type":"Organization","@id":"https:\/\/jetflo.com\/fr\/#organization","name":"JetFlo","url":"https:\/\/jetflo.com\/fr\/","logo":{"@type":"ImageObject","inLanguage":"fr-FR","@id":"https:\/\/jetflo.com\/fr\/#\/schema\/logo\/image\/","url":"https:\/\/jetflo.com\/wp-content\/uploads\/2022\/09\/JetFlo-Logo.svg","contentUrl":"https:\/\/jetflo.com\/wp-content\/uploads\/2022\/09\/JetFlo-Logo.svg","caption":"JetFlo"},"image":{"@id":"https:\/\/jetflo.com\/fr\/#\/schema\/logo\/image\/"}}]}},"_links":{"self":[{"href":"https:\/\/jetflo.com\/fr\/wp-json\/wp\/v2\/pages\/13517","targetHints":{"allow":["GET"]}}],"collection":[{"href":"https:\/\/jetflo.com\/fr\/wp-json\/wp\/v2\/pages"}],"about":[{"href":"https:\/\/jetflo.com\/fr\/wp-json\/wp\/v2\/types\/page"}],"author":[{"embeddable":true,"href":"https:\/\/jetflo.com\/fr\/wp-json\/wp\/v2\/users\/8"}],"replies":[{"embeddable":true,"href":"https:\/\/jetflo.com\/fr\/wp-json\/wp\/v2\/comments?post=13517"}],"version-history":[{"count":11,"href":"https:\/\/jetflo.com\/fr\/wp-json\/wp\/v2\/pages\/13517\/revisions"}],"predecessor-version":[{"id":16651,"href":"https:\/\/jetflo.com\/fr\/wp-json\/wp\/v2\/pages\/13517\/revisions\/16651"}],"wp:attachment":[{"href":"https:\/\/jetflo.com\/fr\/wp-json\/wp\/v2\/media?parent=13517"}],"curies":[{"name":"wp","href":"https:\/\/api.w.org\/{rel}","templated":true}]}}