{"id":17797,"date":"2025-12-02T16:09:41","date_gmt":"2025-12-02T16:09:41","guid":{"rendered":"https:\/\/jetflo.com\/constructeurs\/"},"modified":"2026-02-03T14:40:18","modified_gmt":"2026-02-03T14:40:18","slug":"jet-prive-constructeurs","status":"publish","type":"page","link":"https:\/\/jetflo.com\/fr\/jet-prive-constructeurs\/","title":{"rendered":"Constructeurs"},"content":{"rendered":"","protected":false},"excerpt":{"rendered":"","protected":false},"author":3,"featured_media":17681,"parent":0,"menu_order":0,"comment_status":"closed","ping_status":"closed","template":"templates\/template-manufacturer.php","meta":{"_acf_changed":false,"footnotes":""},"class_list":["post-17797","page","type-page","status-publish","has-post-thumbnail","hentry"],"acf":[],"yoast_head":"<!-- This site is optimized with the Yoast SEO plugin v26.3 - https:\/\/yoast.com\/wordpress\/plugins\/seo\/ -->\n<title>Constructeurs - JetFlo<\/title>\n<meta name=\"description\" content=\"D\u00e9couvrez les constructeurs de Jet priv\u00e9s les plus importants du march\u00e9 de l&#039;aviation d&#039;affaire\" \/>\n<meta name=\"robots\" content=\"index, follow, max-snippet:-1, max-image-preview:large, max-video-preview:-1\" \/>\n<link rel=\"canonical\" href=\"https:\/\/jetflo.com\/fr\/jet-prive-constructeurs\/\" \/>\n<meta property=\"og:locale\" content=\"fr_FR\" \/>\n<meta property=\"og:type\" content=\"article\" \/>\n<meta property=\"og:title\" content=\"Constructeurs - JetFlo\" \/>\n<meta property=\"og:description\" content=\"D\u00e9couvrez les constructeurs de Jet priv\u00e9s les plus importants du march\u00e9 de l&#039;aviation d&#039;affaire\" \/>\n<meta property=\"og:url\" content=\"https:\/\/jetflo.com\/fr\/jet-prive-constructeurs\/\" \/>\n<meta property=\"og:site_name\" content=\"JetFlo\" \/>\n<meta property=\"article:modified_time\" content=\"2026-02-03T14:40:18+00:00\" \/>\n<meta property=\"og:image\" content=\"https:\/\/jetflo.com\/wp-content\/uploads\/2025\/12\/your_aircraft_Banner.jpeg.webp\" \/>\n\t<meta property=\"og:image:width\" content=\"1920\" \/>\n\t<meta property=\"og:image:height\" content=\"400\" \/>\n\t<meta property=\"og:image:type\" content=\"image\/webp\" \/>\n<meta name=\"twitter:card\" content=\"summary_large_image\" \/>\n<meta name=\"twitter:label1\" content=\"Dur\u00e9e de lecture estim\u00e9e\" \/>\n\t<meta name=\"twitter:data1\" content=\"1 minute\" \/>\n<script type=\"application\/ld+json\" class=\"yoast-schema-graph\">{\"@context\":\"https:\/\/schema.org\",\"@graph\":[{\"@type\":\"WebPage\",\"@id\":\"https:\/\/jetflo.com\/fr\/jet-prive-constructeurs\/\",\"url\":\"https:\/\/jetflo.com\/fr\/jet-prive-constructeurs\/\",\"name\":\"Constructeurs - JetFlo\",\"isPartOf\":{\"@id\":\"https:\/\/jetflo.com\/fr\/#website\"},\"primaryImageOfPage\":{\"@id\":\"https:\/\/jetflo.com\/fr\/jet-prive-constructeurs\/#primaryimage\"},\"image\":{\"@id\":\"https:\/\/jetflo.com\/fr\/jet-prive-constructeurs\/#primaryimage\"},\"thumbnailUrl\":\"https:\/\/jetflo.com\/wp-content\/uploads\/2025\/12\/your_aircraft_Banner.jpeg.webp\",\"datePublished\":\"2025-12-02T16:09:41+00:00\",\"dateModified\":\"2026-02-03T14:40:18+00:00\",\"description\":\"D\u00e9couvrez les constructeurs de Jet priv\u00e9s les plus importants du march\u00e9 de l'aviation d'affaire\",\"breadcrumb\":{\"@id\":\"https:\/\/jetflo.com\/fr\/jet-prive-constructeurs\/#breadcrumb\"},\"inLanguage\":\"fr-FR\",\"potentialAction\":[{\"@type\":\"ReadAction\",\"target\":[\"https:\/\/jetflo.com\/fr\/jet-prive-constructeurs\/\"]}]},{\"@type\":\"ImageObject\",\"inLanguage\":\"fr-FR\",\"@id\":\"https:\/\/jetflo.com\/fr\/jet-prive-constructeurs\/#primaryimage\",\"url\":\"https:\/\/jetflo.com\/wp-content\/uploads\/2025\/12\/your_aircraft_Banner.jpeg.webp\",\"contentUrl\":\"https:\/\/jetflo.com\/wp-content\/uploads\/2025\/12\/your_aircraft_Banner.jpeg.webp\",\"width\":1920,\"height\":400},{\"@type\":\"BreadcrumbList\",\"@id\":\"https:\/\/jetflo.com\/fr\/jet-prive-constructeurs\/#breadcrumb\",\"itemListElement\":[{\"@type\":\"ListItem\",\"position\":1,\"name\":\"Home\",\"item\":\"https:\/\/jetflo.com\/fr\/\"},{\"@type\":\"ListItem\",\"position\":2,\"name\":\"Constructeurs\"}]},{\"@type\":\"WebSite\",\"@id\":\"https:\/\/jetflo.com\/fr\/#website\",\"url\":\"https:\/\/jetflo.com\/fr\/\",\"name\":\"JetFlo\",\"description\":\"Your Private Jet Charter\",\"publisher\":{\"@id\":\"https:\/\/jetflo.com\/fr\/#organization\"},\"alternateName\":\"JetFlo Private Jet Charter\",\"potentialAction\":[{\"@type\":\"SearchAction\",\"target\":{\"@type\":\"EntryPoint\",\"urlTemplate\":\"https:\/\/jetflo.com\/fr\/?s={search_term_string}\"},\"query-input\":{\"@type\":\"PropertyValueSpecification\",\"valueRequired\":true,\"valueName\":\"search_term_string\"}}],\"inLanguage\":\"fr-FR\"},{\"@type\":\"Organization\",\"@id\":\"https:\/\/jetflo.com\/fr\/#organization\",\"name\":\"JetFlo\",\"url\":\"https:\/\/jetflo.com\/fr\/\",\"logo\":{\"@type\":\"ImageObject\",\"inLanguage\":\"fr-FR\",\"@id\":\"https:\/\/jetflo.com\/fr\/#\/schema\/logo\/image\/\",\"url\":\"https:\/\/jetflo.com\/wp-content\/uploads\/2022\/09\/JetFlo-Logo.svg\",\"contentUrl\":\"https:\/\/jetflo.com\/wp-content\/uploads\/2022\/09\/JetFlo-Logo.svg\",\"caption\":\"JetFlo\"},\"image\":{\"@id\":\"https:\/\/jetflo.com\/fr\/#\/schema\/logo\/image\/\"}}]}<\/script>\n<!-- \/ Yoast SEO plugin. -->","yoast_head_json":{"title":"Constructeurs - JetFlo","description":"D\u00e9couvrez les constructeurs de Jet priv\u00e9s les plus importants du march\u00e9 de l'aviation d'affaire","robots":{"index":"index","follow":"follow","max-snippet":"max-snippet:-1","max-image-preview":"max-image-preview:large","max-video-preview":"max-video-preview:-1"},"canonical":"https:\/\/jetflo.com\/fr\/jet-prive-constructeurs\/","og_locale":"fr_FR","og_type":"article","og_title":"Constructeurs - JetFlo","og_description":"D\u00e9couvrez les constructeurs de Jet priv\u00e9s les plus importants du march\u00e9 de l'aviation d'affaire","og_url":"https:\/\/jetflo.com\/fr\/jet-prive-constructeurs\/","og_site_name":"JetFlo","article_modified_time":"2026-02-03T14:40:18+00:00","og_image":[{"width":1920,"height":400,"url":"https:\/\/jetflo.com\/wp-content\/uploads\/2025\/12\/your_aircraft_Banner.jpeg.webp","type":"image\/webp"}],"twitter_card":"summary_large_image","twitter_misc":{"Dur\u00e9e de lecture estim\u00e9e":"1 minute"},"schema":{"@context":"https:\/\/schema.org","@graph":[{"@type":"WebPage","@id":"https:\/\/jetflo.com\/fr\/jet-prive-constructeurs\/","url":"https:\/\/jetflo.com\/fr\/jet-prive-constructeurs\/","name":"Constructeurs - JetFlo","isPartOf":{"@id":"https:\/\/jetflo.com\/fr\/#website"},"primaryImageOfPage":{"@id":"https:\/\/jetflo.com\/fr\/jet-prive-constructeurs\/#primaryimage"},"image":{"@id":"https:\/\/jetflo.com\/fr\/jet-prive-constructeurs\/#primaryimage"},"thumbnailUrl":"https:\/\/jetflo.com\/wp-content\/uploads\/2025\/12\/your_aircraft_Banner.jpeg.webp","datePublished":"2025-12-02T16:09:41+00:00","dateModified":"2026-02-03T14:40:18+00:00","description":"D\u00e9couvrez les constructeurs de Jet priv\u00e9s les plus importants du march\u00e9 de l'aviation d'affaire","breadcrumb":{"@id":"https:\/\/jetflo.com\/fr\/jet-prive-constructeurs\/#breadcrumb"},"inLanguage":"fr-FR","potentialAction":[{"@type":"ReadAction","target":["https:\/\/jetflo.com\/fr\/jet-prive-constructeurs\/"]}]},{"@type":"ImageObject","inLanguage":"fr-FR","@id":"https:\/\/jetflo.com\/fr\/jet-prive-constructeurs\/#primaryimage","url":"https:\/\/jetflo.com\/wp-content\/uploads\/2025\/12\/your_aircraft_Banner.jpeg.webp","contentUrl":"https:\/\/jetflo.com\/wp-content\/uploads\/2025\/12\/your_aircraft_Banner.jpeg.webp","width":1920,"height":400},{"@type":"BreadcrumbList","@id":"https:\/\/jetflo.com\/fr\/jet-prive-constructeurs\/#breadcrumb","itemListElement":[{"@type":"ListItem","position":1,"name":"Home","item":"https:\/\/jetflo.com\/fr\/"},{"@type":"ListItem","position":2,"name":"Constructeurs"}]},{"@type":"WebSite","@id":"https:\/\/jetflo.com\/fr\/#website","url":"https:\/\/jetflo.com\/fr\/","name":"JetFlo","description":"Your Private Jet Charter","publisher":{"@id":"https:\/\/jetflo.com\/fr\/#organization"},"alternateName":"JetFlo Private Jet Charter","potentialAction":[{"@type":"SearchAction","target":{"@type":"EntryPoint","urlTemplate":"https:\/\/jetflo.com\/fr\/?s={search_term_string}"},"query-input":{"@type":"PropertyValueSpecification","valueRequired":true,"valueName":"search_term_string"}}],"inLanguage":"fr-FR"},{"@type":"Organization","@id":"https:\/\/jetflo.com\/fr\/#organization","name":"JetFlo","url":"https:\/\/jetflo.com\/fr\/","logo":{"@type":"ImageObject","inLanguage":"fr-FR","@id":"https:\/\/jetflo.com\/fr\/#\/schema\/logo\/image\/","url":"https:\/\/jetflo.com\/wp-content\/uploads\/2022\/09\/JetFlo-Logo.svg","contentUrl":"https:\/\/jetflo.com\/wp-content\/uploads\/2022\/09\/JetFlo-Logo.svg","caption":"JetFlo"},"image":{"@id":"https:\/\/jetflo.com\/fr\/#\/schema\/logo\/image\/"}}]}},"_links":{"self":[{"href":"https:\/\/jetflo.com\/fr\/wp-json\/wp\/v2\/pages\/17797","targetHints":{"allow":["GET"]}}],"collection":[{"href":"https:\/\/jetflo.com\/fr\/wp-json\/wp\/v2\/pages"}],"about":[{"href":"https:\/\/jetflo.com\/fr\/wp-json\/wp\/v2\/types\/page"}],"author":[{"embeddable":true,"href":"https:\/\/jetflo.com\/fr\/wp-json\/wp\/v2\/users\/3"}],"replies":[{"embeddable":true,"href":"https:\/\/jetflo.com\/fr\/wp-json\/wp\/v2\/comments?post=17797"}],"version-history":[{"count":1,"href":"https:\/\/jetflo.com\/fr\/wp-json\/wp\/v2\/pages\/17797\/revisions"}],"predecessor-version":[{"id":17866,"href":"https:\/\/jetflo.com\/fr\/wp-json\/wp\/v2\/pages\/17797\/revisions\/17866"}],"wp:featuredmedia":[{"embeddable":true,"href":"https:\/\/jetflo.com\/fr\/wp-json\/wp\/v2\/media\/17681"}],"wp:attachment":[{"href":"https:\/\/jetflo.com\/fr\/wp-json\/wp\/v2\/media?parent=17797"}],"curies":[{"name":"wp","href":"https:\/\/api.w.org\/{rel}","templated":true}]}}